{"id":502,"date":"2023-03-14T11:43:11","date_gmt":"2023-03-14T11:43:11","guid":{"rendered":"https:\/\/fertilylife.com\/?page_id=502"},"modified":"2023-07-10T08:22:25","modified_gmt":"2023-07-10T08:22:25","slug":"legge","status":"publish","type":"page","link":"https:\/\/wordpress.fertilylife.com\/it\/legge\/","title":{"rendered":"Legge"},"content":{"rendered":"\t\t<div data-elementor-type=\"wp-page\" data-elementor-id=\"502\" class=\"elementor elementor-502\">\n\t\t\t\t\t\t\t\t\t<section class=\"elementor-section elementor-top-section elementor-element elementor-element-5d95886 elementor-section-full_width elementor-section-height-default elementor-section-height-default\" data-id=\"5d95886\" data-element_type=\"section\">\n\t\t\t\t\t\t<div class=\"elementor-container elementor-column-gap-default\">\n\t\t\t\t\t<div class=\"elementor-column elementor-col-100 elementor-top-column elementor-element elementor-element-fac81ed\" data-id=\"fac81ed\" data-element_type=\"column\">\n\t\t\t<div class=\"elementor-widget-wrap elementor-element-populated\">\n\t\t\t\t\t\t\t\t<div class=\"elementor-element elementor-element-a01c09e elementor-widget elementor-widget-template\" data-id=\"a01c09e\" data-element_type=\"widget\" data-widget_type=\"template.default\">\n\t\t\t\t<div class=\"elementor-widget-container\">\n\t\t\t\t\t<div class=\"elementor-template\">\n\t\t\t\t\t<div data-elementor-type=\"section\" data-elementor-id=\"511\" class=\"elementor elementor-511\">\n\t\t\t\t\t\t\t\t<section class=\"elementor-section elementor-top-section elementor-element elementor-element-46c058b elementor-section-full_width elementor-section-height-min-height elementor-section-height-default elementor-section-items-middle\" data-id=\"46c058b\" data-element_type=\"section\" data-settings=\"{&quot;background_background&quot;:&quot;classic&quot;}\">\n\t\t\t\t\t\t<div class=\"elementor-container elementor-column-gap-default\">\n\t\t\t\t\t<div class=\"elementor-column elementor-col-100 elementor-top-column elementor-element elementor-element-b4d2014\" data-id=\"b4d2014\" data-element_type=\"column\">\n\t\t\t<div class=\"elementor-widget-wrap\">\n\t\t\t\t\t\t\t\t\t<\/div>\n\t\t<\/div>\n\t\t\t\t\t\t\t<\/div>\n\t\t<\/section>\n\t\t\t\t\t\t<\/div>\n\t\t\t\t<\/div>\n\t\t\t\t<\/div>\n\t\t\t\t<\/div>\n\t\t\t\t\t<\/div>\n\t\t<\/div>\n\t\t\t\t\t\t\t<\/div>\n\t\t<\/section>\n\t\t\t\t<section class=\"elementor-section elementor-top-section elementor-element elementor-element-0769410 elementor-section-full_width elementor-section-height-default elementor-section-height-default\" data-id=\"0769410\" data-element_type=\"section\">\n\t\t\t\t\t\t<div class=\"elementor-container elementor-column-gap-default\">\n\t\t\t\t\t<div class=\"elementor-column elementor-col-100 elementor-top-column elementor-element elementor-element-c4825e2\" data-id=\"c4825e2\" data-element_type=\"column\">\n\t\t\t<div class=\"elementor-widget-wrap elementor-element-populated\">\n\t\t\t\t\t\t\t\t<div class=\"elementor-element elementor-element-55b80ef elementor-absolute elementor-widget elementor-widget-image\" data-id=\"55b80ef\" data-element_type=\"widget\" data-settings=\"{&quot;_position&quot;:&quot;absolute&quot;}\" data-widget_type=\"image.default\">\n\t\t\t\t<div class=\"elementor-widget-container\">\n\t\t\t<style>\/*! elementor - v3.15.0 - 20-08-2023 *\/\n.elementor-widget-image{text-align:center}.elementor-widget-image a{display:inline-block}.elementor-widget-image a img[src$=\".svg\"]{width:48px}.elementor-widget-image img{vertical-align:middle;display:inline-block}<\/style>\t\t\t\t\t\t\t\t\t\t\t\t<img loading=\"lazy\" decoding=\"async\" width=\"562\" height=\"1024\" src=\"https:\/\/wordpress.fertilylife.com\/wp-content\/uploads\/2023\/03\/MicrosoftTeams-image-23-562x1024.png\" class=\"attachment-large size-large wp-image-705\" alt=\"\" srcset=\"https:\/\/wordpress.fertilylife.com\/wp-content\/uploads\/2023\/03\/MicrosoftTeams-image-23-562x1024.png 562w, https:\/\/wordpress.fertilylife.com\/wp-content\/uploads\/2023\/03\/MicrosoftTeams-image-23-165x300.png 165w, https:\/\/wordpress.fertilylife.com\/wp-content\/uploads\/2023\/03\/MicrosoftTeams-image-23-768x1398.png 768w, https:\/\/wordpress.fertilylife.com\/wp-content\/uploads\/2023\/03\/MicrosoftTeams-image-23-844x1536.png 844w, https:\/\/wordpress.fertilylife.com\/wp-content\/uploads\/2023\/03\/MicrosoftTeams-image-23.png 1055w\" sizes=\"auto, (max-width: 562px) 100vw, 562px\" style=\"width:100%;height:182.09%;max-width:1055px\" \/>\t\t\t\t\t\t\t\t\t\t\t\t\t\t\t<\/div>\n\t\t\t\t<\/div>\n\t\t\t\t\t<\/div>\n\t\t<\/div>\n\t\t\t\t\t\t\t<\/div>\n\t\t<\/section>\n\t\t\t\t<section class=\"elementor-section elementor-top-section elementor-element elementor-element-26de9ea elementor-section-boxed elementor-section-height-default elementor-section-height-default\" data-id=\"26de9ea\" data-element_type=\"section\">\n\t\t\t\t\t\t<div class=\"elementor-container elementor-column-gap-default\">\n\t\t\t\t\t<div class=\"elementor-column elementor-col-100 elementor-top-column elementor-element elementor-element-877597e\" data-id=\"877597e\" data-element_type=\"column\">\n\t\t\t<div class=\"elementor-widget-wrap elementor-element-populated\">\n\t\t\t\t\t\t\t\t<div class=\"elementor-element elementor-element-2e6cf87 elementor-invisible elementor-widget elementor-widget-heading\" data-id=\"2e6cf87\" data-element_type=\"widget\" data-settings=\"{&quot;_animation&quot;:&quot;fadeIn&quot;}\" data-widget_type=\"heading.default\">\n\t\t\t\t<div class=\"elementor-widget-container\">\n\t\t\t<style>\/*! elementor - v3.15.0 - 20-08-2023 *\/\n.elementor-heading-title{padding:0;margin:0;line-height:1}.elementor-widget-heading .elementor-heading-title[class*=elementor-size-]>a{color:inherit;font-size:inherit;line-height:inherit}.elementor-widget-heading .elementor-heading-title.elementor-size-small{font-size:15px}.elementor-widget-heading .elementor-heading-title.elementor-size-medium{font-size:19px}.elementor-widget-heading .elementor-heading-title.elementor-size-large{font-size:29px}.elementor-widget-heading .elementor-heading-title.elementor-size-xl{font-size:39px}.elementor-widget-heading .elementor-heading-title.elementor-size-xxl{font-size:59px}<\/style><h1 class=\"elementor-heading-title elementor-size-default\">Aspetti generali sulla legge<\/h1>\t\t<\/div>\n\t\t\t\t<\/div>\n\t\t\t\t<div class=\"elementor-element elementor-element-a00a3c2 elementor-invisible elementor-widget elementor-widget-text-editor\" data-id=\"a00a3c2\" data-element_type=\"widget\" data-settings=\"{&quot;_animation&quot;:&quot;fadeIn&quot;}\" data-widget_type=\"text-editor.default\">\n\t\t\t\t<div class=\"elementor-widget-container\">\n\t\t\t<style>\/*! elementor - v3.15.0 - 20-08-2023 *\/\n.elementor-widget-text-editor.elementor-drop-cap-view-stacked .elementor-drop-cap{background-color:#69727d;color:#fff}.elementor-widget-text-editor.elementor-drop-cap-view-framed .elementor-drop-cap{color:#69727d;border:3px solid;background-color:transparent}.elementor-widget-text-editor:not(.elementor-drop-cap-view-default) .elementor-drop-cap{margin-top:8px}.elementor-widget-text-editor:not(.elementor-drop-cap-view-default) .elementor-drop-cap-letter{width:1em;height:1em}.elementor-widget-text-editor .elementor-drop-cap{float:left;text-align:center;line-height:1;font-size:50px}.elementor-widget-text-editor .elementor-drop-cap-letter{display:inline-block}<\/style>\t\t\t\t<p class=\"p1\">La <b>dichiarazione universale dei diritti umani <\/b>garantisce, a tutte le famiglie indistintamente, il diritto di formare una famiglia con figli. La stessa, delinea i principi fondamentali quali la dignit\u00e0, la libert\u00e0, la famiglia, la protezione dello stato e l\u2019uguaglianza, cos\u00ec come si pu\u00f2 osservare nei seguenti articoli:<\/p>\t\t\t\t\t\t<\/div>\n\t\t\t\t<\/div>\n\t\t\t\t<div class=\"elementor-element elementor-element-6c34cda elementor-invisible elementor-widget elementor-widget-heading\" data-id=\"6c34cda\" data-element_type=\"widget\" data-settings=\"{&quot;_animation&quot;:&quot;fadeIn&quot;}\" data-widget_type=\"heading.default\">\n\t\t\t\t<div class=\"elementor-widget-container\">\n\t\t\t<h5 class=\"elementor-heading-title elementor-size-default\">Articolo 1<\/h5>\t\t<\/div>\n\t\t\t\t<\/div>\n\t\t\t\t<div class=\"elementor-element elementor-element-a03b46e elementor-invisible elementor-widget elementor-widget-text-editor\" data-id=\"a03b46e\" data-element_type=\"widget\" data-settings=\"{&quot;_animation&quot;:&quot;fadeIn&quot;}\" data-widget_type=\"text-editor.default\">\n\t\t\t\t<div class=\"elementor-widget-container\">\n\t\t\t\t\t\t\t<p class=\"p1\">Tutti gli esseri umani nascono liberi ed eguali in dignit\u00e0 e diritti. Essi sono dotati di ragione e di coscienza e devono agire gli uni verso gli altri in spirito di fratellanza.<\/p>\t\t\t\t\t\t<\/div>\n\t\t\t\t<\/div>\n\t\t\t\t<div class=\"elementor-element elementor-element-8f250fc elementor-invisible elementor-widget elementor-widget-heading\" data-id=\"8f250fc\" data-element_type=\"widget\" data-settings=\"{&quot;_animation&quot;:&quot;fadeIn&quot;}\" data-widget_type=\"heading.default\">\n\t\t\t\t<div class=\"elementor-widget-container\">\n\t\t\t<h5 class=\"elementor-heading-title elementor-size-default\">Articolo 16<\/h5>\t\t<\/div>\n\t\t\t\t<\/div>\n\t\t\t\t<div class=\"elementor-element elementor-element-6c4263e elementor-invisible elementor-widget elementor-widget-text-editor\" data-id=\"6c4263e\" data-element_type=\"widget\" data-settings=\"{&quot;_animation&quot;:&quot;fadeIn&quot;}\" data-widget_type=\"text-editor.default\">\n\t\t\t\t<div class=\"elementor-widget-container\">\n\t\t\t\t\t\t\t<p class=\"p1\">Uomini e donne in et\u00e0 adatta, hanno il diritto di sposarsi e di fondare una famiglia, senza alcuna limitazione di razza, cittadinanza o religione. Essi hanno eguali diritti riguardo al matrimonio, durante il matrimonio e all&#8217;atto del suo scioglimento.<\/p><p class=\"p1\">\u00a0<\/p><p class=\"p1\">Allo stesso tempo, il tribunale Europeo dei diritti umani fa riferimento alla <b>Convenzione Europea di Diritto Umano<\/b> che si basa sull\u2019articolo 8, \u201cDiritto al rispetto alla vita privata e familiare\u201d.<\/p><p class=\"p1\">\u00a0<\/p><p class=\"p1\">In merito alla possibilit\u00e0 da parte della famiglia di ricorrere alla maternit\u00e0 surrogata e di avere i propri figli registrati sul certificato di nascita a nome degli aspiranti genitori, la normativa stabilisce quanto segue:<\/p><p class=\"p1\">\u00a0<\/p><p class=\"p1\">\u201cOgni persona, ha il diritto al rispetto della sua vita privata e familiare, del proprio domicilio e della propria corrispondenza. Non pu\u00f2 esservi ingerenza da parte di autorit\u00e0 pubblica nell\u2019esercizio di tale diritto, salvo fatto nei casi previsti della legge che si applica nella misura in cui, in una societ\u00e0 democratica, tale azione si renda necessaria per preservare la sicurezza nazionale, la pubblica sicurezza, il benessere economico del paese, la difesa dell\u2019ordine e la prevenzione dei reati, la protezione della salute o della morale o la protezione dei diritti e della libert\u00e0 altrui.\u201d<\/p><p class=\"p1\">\u00a0<\/p><p class=\"p1\">Il godimento dei diritti e delle libert\u00e0 riconosciuti nella presente convenzione deve essere garantito senza discriminazione alcuna, in particolare per quel che riguarda il sesso, la razza, il colore, la lingua, la religione, le opinioni politiche, la nazione di origine, lo stato sociale, l\u2019appartenenza a minoranze, la condizione economica, la nascita o qualsivoglia altra condizione. Questo \u00e8 quanto riportato nell\u2019articolo 14, che vieta qualsiasi forma di discriminazione. Questo principio deve essere applicato anche per quel che concerne la nascita di un figlio, a prescindere dal fatto che esso sia acquisito mediante adozione, oppure attraverso donatori dei gameti, nato in modo convenzionale o frutto di maternit\u00e0 surrogata.<\/p>\t\t\t\t\t\t<\/div>\n\t\t\t\t<\/div>\n\t\t\t\t<div class=\"elementor-element elementor-element-3971bed elementor-invisible elementor-widget elementor-widget-heading\" data-id=\"3971bed\" data-element_type=\"widget\" data-settings=\"{&quot;_animation&quot;:&quot;fadeIn&quot;}\" data-widget_type=\"heading.default\">\n\t\t\t\t<div class=\"elementor-widget-container\">\n\t\t\t<h5 class=\"elementor-heading-title elementor-size-default\">Aspetti legali in Messico<\/h5>\t\t<\/div>\n\t\t\t\t<\/div>\n\t\t\t\t<div class=\"elementor-element elementor-element-e85605e elementor-invisible elementor-widget elementor-widget-text-editor\" data-id=\"e85605e\" data-element_type=\"widget\" data-settings=\"{&quot;_animation&quot;:&quot;fadeIn&quot;}\" data-widget_type=\"text-editor.default\">\n\t\t\t\t<div class=\"elementor-widget-container\">\n\t\t\t\t\t\t\t<p class=\"p1\">Gli Stati Uniti Messicani, paese sovrano membro dell\u2019ONU e firmatario dei pi\u00f9 importanti trattati internazionali, garantisce nella propria costituzione il principio di uguaglianza tra uomini e donne (articolo 4 della magna carta) e riconosce altres\u00ec il diritto al matrimonio tra persone dello stesso sesso. La legge del 2010, CDMX &#8211; Citt\u00e0 del Messico, \u00e8 stata pionieristica a tal proposito.<\/p>\n<p class=\"p1\">La costituzione prevede inoltre che ogni famiglia abbi il diritto di decidere in modo libero il numero di figli da concepire, nonch\u00e9 il lasso temporale tra la nascita di un figlio ed un\u2019altro (articolo 4, comma primo)<\/p>\n<p class=\"p1\">Esiste un codice civile federale che vige su tutto il territorio degli Stati Uniti Messicani. Tuttavia, ogni stato membro pu\u00f2 adottare un proprio stato civile e di famiglia.<\/p>\n<p class=\"p1\">La Corte Suprema Messicana, ha saputo applicare ogni principio nel definire la legalit\u00e0 per la maternit\u00e0 surrogata, poich\u00e9 nessun dettaglio, \u00e8 stato trascurato nella storica sentenza specifica.<span class=\"Apple-converted-space\">\u00a0 <\/span>Allo stato attuale, <b>a tutte le famiglie e tutte le madri surrogate vengono assicurati i diritti previsti nei protocolli di maternit\u00e0 surrogata<\/b>, rendendo il Messico una destinazione esclusiva e unica, che consente l\u2019attuazione di questi programmi in piena sicurezza anche per i genitori internazionali.<\/p>\n<p class=\"p1\">Da quando la Corte Suprema di Giustizia Nazionale (SCJN), nella sessione di analisi di un appello, dichiar\u00f2 incostituzionale la legge dello stato di Tabasco (Art. 92 del Codice Civile), la<b> gestazione sostitutiva (surrogata) in Messico, \u00e8 totalmente LEGALE. <\/b><\/p>\n<p class=\"p1\"><b>\u00a0<\/b><\/p>\n<p class=\"p1\">Vuoi saperne di pi\u00f9 sulla maternit\u00e0 surrogata? <a href=\"https:\/\/fertilylife.com\/faq\/\"><b><u>Consulta la nostra faq<\/u><\/b><\/a>\t\t\t\t\t\t<\/div>\n\t\t\t\t<\/div>\n\t\t\t\t\t<\/div>\n\t\t<\/div>\n\t\t\t\t\t\t\t<\/div>\n\t\t<\/section>\n\t\t\t\t<section class=\"elementor-section elementor-top-section elementor-element elementor-element-ef79ec4 elementor-section-full_width elementor-section-height-default elementor-section-height-default\" data-id=\"ef79ec4\" data-element_type=\"section\">\n\t\t\t\t\t\t<div class=\"elementor-container elementor-column-gap-default\">\n\t\t\t\t\t<div class=\"elementor-column elementor-col-100 elementor-top-column elementor-element elementor-element-71fd208\" data-id=\"71fd208\" data-element_type=\"column\">\n\t\t\t<div class=\"elementor-widget-wrap elementor-element-populated\">\n\t\t\t\t\t\t\t\t<div class=\"elementor-element elementor-element-d7c2a49 elementor-absolute macchie elementor-widget elementor-widget-image\" data-id=\"d7c2a49\" data-element_type=\"widget\" data-settings=\"{&quot;_position&quot;:&quot;absolute&quot;}\" data-widget_type=\"image.default\">\n\t\t\t\t<div class=\"elementor-widget-container\">\n\t\t\t\t\t\t\t\t\t\t\t\t\t\t\t<img loading=\"lazy\" decoding=\"async\" width=\"750\" height=\"629\" src=\"https:\/\/wordpress.fertilylife.com\/wp-content\/uploads\/2023\/03\/macchie-1024x859.png\" class=\"attachment-large size-large wp-image-910\" alt=\"\" srcset=\"https:\/\/wordpress.fertilylife.com\/wp-content\/uploads\/2023\/03\/macchie-1024x859.png 1024w, https:\/\/wordpress.fertilylife.com\/wp-content\/uploads\/2023\/03\/macchie-300x252.png 300w, https:\/\/wordpress.fertilylife.com\/wp-content\/uploads\/2023\/03\/macchie-768x645.png 768w, https:\/\/wordpress.fertilylife.com\/wp-content\/uploads\/2023\/03\/macchie.png 1164w\" sizes=\"auto, (max-width: 750px) 100vw, 750px\" style=\"width:100%;height:83.93%;max-width:1164px\" \/>\t\t\t\t\t\t\t\t\t\t\t\t\t\t\t<\/div>\n\t\t\t\t<\/div>\n\t\t\t\t\t<\/div>\n\t\t<\/div>\n\t\t\t\t\t\t\t<\/div>\n\t\t<\/section>\n\t\t\t\t\t\t\t<\/div>\n\t\t","protected":false},"excerpt":{"rendered":"<p>Aspetti generali sulla legge La dichiarazione universale dei diritti umani garantisce, a tutte le famiglie indistintamente, il diritto di formare una famiglia con figli. La stessa, delinea i principi fondamentali quali la dignit\u00e0, la libert\u00e0, la famiglia, la protezione dello stato e l\u2019uguaglianza, cos\u00ec come si pu\u00f2 osservare nei seguenti articoli: Articolo 1 Tutti gli&hellip; <a class=\"more-link\" href=\"https:\/\/wordpress.fertilylife.com\/it\/legge\/\">Continua a leggere <span class=\"screen-reader-text\">Legge<\/span><\/a><\/p>\n","protected":false},"author":1,"featured_media":504,"parent":0,"menu_order":80,"comment_status":"closed","ping_status":"closed","template":"elementor_header_footer","meta":{"footnotes":""},"class_list":["post-502","page","type-page","status-publish","has-post-thumbnail","hentry","entry"],"acf":[],"yoast_head":"<!-- This site is optimized with the Yoast SEO plugin v20.13 - https:\/\/yoast.com\/wordpress\/plugins\/seo\/ -->\n<title>Maternit\u00e0 surrogata in Messico: la legislazione completa<\/title>\n<meta name=\"description\" content=\"Scegliere la maternit\u00e0 surrogata in Messico per realizzare il sogno di avere un bimbo \u00e8 supportato dalla lesisglazione del paese. Consulta qui la normativa.\" \/>\n<meta name=\"robots\" content=\"noindex, follow, max-snippet:-1, max-image-preview:large, max-video-preview:-1\" \/>\n<meta property=\"og:locale\" content=\"it_IT\" \/>\n<meta property=\"og:type\" content=\"article\" \/>\n<meta property=\"og:title\" content=\"Maternit\u00e0 surrogata in Messico: la legislazione completa\" \/>\n<meta property=\"og:description\" content=\"Scegliere la maternit\u00e0 surrogata in Messico per realizzare il sogno di avere un bimbo \u00e8 supportato dalla lesisglazione del paese. Consulta qui la normativa.\" \/>\n<meta property=\"og:url\" content=\"https:\/\/wordpress.fertilylife.com\/it\/legge\/\" \/>\n<meta property=\"og:site_name\" content=\"fertilylife\" \/>\n<meta property=\"article:publisher\" content=\"https:\/\/www.facebook.com\/fertilylife\" \/>\n<meta property=\"article:modified_time\" content=\"2023-07-10T08:22:25+00:00\" \/>\n<meta property=\"og:image\" content=\"https:\/\/wordpress.fertilylife.com\/wp-content\/uploads\/2023\/03\/MicrosoftTeams-image-20.png\" \/>\n\t<meta property=\"og:image:width\" content=\"1920\" \/>\n\t<meta property=\"og:image:height\" content=\"701\" \/>\n\t<meta property=\"og:image:type\" content=\"image\/png\" \/>\n<meta name=\"twitter:card\" content=\"summary_large_image\" \/>\n<meta name=\"twitter:site\" content=\"@fertilylife\" \/>\n<meta name=\"twitter:label1\" content=\"Tempo di lettura stimato\" \/>\n\t<meta name=\"twitter:data1\" content=\"4 minuti\" \/>\n<script type=\"application\/ld+json\" class=\"yoast-schema-graph\">{\"@context\":\"https:\/\/schema.org\",\"@graph\":[{\"@type\":\"WebPage\",\"@id\":\"https:\/\/wordpress.fertilylife.com\/it\/legge\/\",\"url\":\"https:\/\/wordpress.fertilylife.com\/it\/legge\/\",\"name\":\"Maternit\u00e0 surrogata in Messico: la legislazione completa\",\"isPartOf\":{\"@id\":\"https:\/\/wordpress.fertilylife.com\/it\/#website\"},\"datePublished\":\"2023-03-14T11:43:11+00:00\",\"dateModified\":\"2023-07-10T08:22:25+00:00\",\"description\":\"Scegliere la maternit\u00e0 surrogata in Messico per realizzare il sogno di avere un bimbo \u00e8 supportato dalla lesisglazione del paese. Consulta qui la normativa.\",\"breadcrumb\":{\"@id\":\"https:\/\/wordpress.fertilylife.com\/it\/legge\/#breadcrumb\"},\"inLanguage\":\"it-IT\",\"potentialAction\":[{\"@type\":\"ReadAction\",\"target\":[\"https:\/\/wordpress.fertilylife.com\/it\/legge\/\"]}]},{\"@type\":\"BreadcrumbList\",\"@id\":\"https:\/\/wordpress.fertilylife.com\/it\/legge\/#breadcrumb\",\"itemListElement\":[{\"@type\":\"ListItem\",\"position\":1,\"name\":\"Home\",\"item\":\"https:\/\/wordpress.fertilylife.com\/it\/\"},{\"@type\":\"ListItem\",\"position\":2,\"name\":\"Legge\"}]},{\"@type\":\"WebSite\",\"@id\":\"https:\/\/wordpress.fertilylife.com\/it\/#website\",\"url\":\"https:\/\/wordpress.fertilylife.com\/it\/\",\"name\":\"fertilylife\",\"description\":\"\",\"publisher\":{\"@id\":\"https:\/\/wordpress.fertilylife.com\/it\/#organization\"},\"potentialAction\":[{\"@type\":\"SearchAction\",\"target\":{\"@type\":\"EntryPoint\",\"urlTemplate\":\"https:\/\/wordpress.fertilylife.com\/it\/?s={search_term_string}\"},\"query-input\":\"required name=search_term_string\"}],\"inLanguage\":\"it-IT\"},{\"@type\":\"Organization\",\"@id\":\"https:\/\/wordpress.fertilylife.com\/it\/#organization\",\"name\":\"FertilityLife, agencia de maternidad subrogada\",\"alternateName\":\"FertilityLife\",\"url\":\"https:\/\/wordpress.fertilylife.com\/it\/\",\"logo\":{\"@type\":\"ImageObject\",\"inLanguage\":\"it-IT\",\"@id\":\"https:\/\/wordpress.fertilylife.com\/it\/#\/schema\/logo\/image\/\",\"url\":\"https:\/\/fertilylife.com\/wp-content\/uploads\/2024\/02\/header_logo.svg\",\"contentUrl\":\"https:\/\/fertilylife.com\/wp-content\/uploads\/2024\/02\/header_logo.svg\",\"width\":290,\"height\":35,\"caption\":\"FertilityLife, agencia de maternidad subrogada\"},\"image\":{\"@id\":\"https:\/\/wordpress.fertilylife.com\/it\/#\/schema\/logo\/image\/\"},\"sameAs\":[\"https:\/\/www.facebook.com\/fertilylife\",\"https:\/\/twitter.com\/fertilylife\"]}]}<\/script>\n<!-- \/ Yoast SEO plugin. -->","yoast_head_json":{"title":"Maternit\u00e0 surrogata in Messico: la legislazione completa","description":"Scegliere la maternit\u00e0 surrogata in Messico per realizzare il sogno di avere un bimbo \u00e8 supportato dalla lesisglazione del paese. Consulta qui la normativa.","robots":{"index":"noindex","follow":"follow","max-snippet":"max-snippet:-1","max-image-preview":"max-image-preview:large","max-video-preview":"max-video-preview:-1"},"og_locale":"it_IT","og_type":"article","og_title":"Maternit\u00e0 surrogata in Messico: la legislazione completa","og_description":"Scegliere la maternit\u00e0 surrogata in Messico per realizzare il sogno di avere un bimbo \u00e8 supportato dalla lesisglazione del paese. Consulta qui la normativa.","og_url":"https:\/\/wordpress.fertilylife.com\/it\/legge\/","og_site_name":"fertilylife","article_publisher":"https:\/\/www.facebook.com\/fertilylife","article_modified_time":"2023-07-10T08:22:25+00:00","og_image":[{"width":1920,"height":701,"url":"https:\/\/wordpress.fertilylife.com\/wp-content\/uploads\/2023\/03\/MicrosoftTeams-image-20.png","type":"image\/png"}],"twitter_card":"summary_large_image","twitter_site":"@fertilylife","twitter_misc":{"Tempo di lettura stimato":"4 minuti"},"schema":{"@context":"https:\/\/schema.org","@graph":[{"@type":"WebPage","@id":"https:\/\/wordpress.fertilylife.com\/it\/legge\/","url":"https:\/\/wordpress.fertilylife.com\/it\/legge\/","name":"Maternit\u00e0 surrogata in Messico: la legislazione completa","isPartOf":{"@id":"https:\/\/wordpress.fertilylife.com\/it\/#website"},"datePublished":"2023-03-14T11:43:11+00:00","dateModified":"2023-07-10T08:22:25+00:00","description":"Scegliere la maternit\u00e0 surrogata in Messico per realizzare il sogno di avere un bimbo \u00e8 supportato dalla lesisglazione del paese. Consulta qui la normativa.","breadcrumb":{"@id":"https:\/\/wordpress.fertilylife.com\/it\/legge\/#breadcrumb"},"inLanguage":"it-IT","potentialAction":[{"@type":"ReadAction","target":["https:\/\/wordpress.fertilylife.com\/it\/legge\/"]}]},{"@type":"BreadcrumbList","@id":"https:\/\/wordpress.fertilylife.com\/it\/legge\/#breadcrumb","itemListElement":[{"@type":"ListItem","position":1,"name":"Home","item":"https:\/\/wordpress.fertilylife.com\/it\/"},{"@type":"ListItem","position":2,"name":"Legge"}]},{"@type":"WebSite","@id":"https:\/\/wordpress.fertilylife.com\/it\/#website","url":"https:\/\/wordpress.fertilylife.com\/it\/","name":"fertilylife","description":"","publisher":{"@id":"https:\/\/wordpress.fertilylife.com\/it\/#organization"},"potentialAction":[{"@type":"SearchAction","target":{"@type":"EntryPoint","urlTemplate":"https:\/\/wordpress.fertilylife.com\/it\/?s={search_term_string}"},"query-input":"required name=search_term_string"}],"inLanguage":"it-IT"},{"@type":"Organization","@id":"https:\/\/wordpress.fertilylife.com\/it\/#organization","name":"FertilityLife, agencia de maternidad subrogada","alternateName":"FertilityLife","url":"https:\/\/wordpress.fertilylife.com\/it\/","logo":{"@type":"ImageObject","inLanguage":"it-IT","@id":"https:\/\/wordpress.fertilylife.com\/it\/#\/schema\/logo\/image\/","url":"https:\/\/fertilylife.com\/wp-content\/uploads\/2024\/02\/header_logo.svg","contentUrl":"https:\/\/fertilylife.com\/wp-content\/uploads\/2024\/02\/header_logo.svg","width":290,"height":35,"caption":"FertilityLife, agencia de maternidad subrogada"},"image":{"@id":"https:\/\/wordpress.fertilylife.com\/it\/#\/schema\/logo\/image\/"},"sameAs":["https:\/\/www.facebook.com\/fertilylife","https:\/\/twitter.com\/fertilylife"]}]}},"_links":{"self":[{"href":"https:\/\/wordpress.fertilylife.com\/it\/wp-json\/wp\/v2\/pages\/502","targetHints":{"allow":["GET"]}}],"collection":[{"href":"https:\/\/wordpress.fertilylife.com\/it\/wp-json\/wp\/v2\/pages"}],"about":[{"href":"https:\/\/wordpress.fertilylife.com\/it\/wp-json\/wp\/v2\/types\/page"}],"author":[{"embeddable":true,"href":"https:\/\/wordpress.fertilylife.com\/it\/wp-json\/wp\/v2\/users\/1"}],"replies":[{"embeddable":true,"href":"https:\/\/wordpress.fertilylife.com\/it\/wp-json\/wp\/v2\/comments?post=502"}],"version-history":[{"count":118,"href":"https:\/\/wordpress.fertilylife.com\/it\/wp-json\/wp\/v2\/pages\/502\/revisions"}],"predecessor-version":[{"id":4080,"href":"https:\/\/wordpress.fertilylife.com\/it\/wp-json\/wp\/v2\/pages\/502\/revisions\/4080"}],"wp:featuredmedia":[{"embeddable":true,"href":"https:\/\/wordpress.fertilylife.com\/it\/wp-json\/wp\/v2\/media\/504"}],"wp:attachment":[{"href":"https:\/\/wordpress.fertilylife.com\/it\/wp-json\/wp\/v2\/media?parent=502"}],"curies":[{"name":"wp","href":"https:\/\/api.w.org\/{rel}","templated":true}]}}